{"id":6850,"date":"2026-03-23T17:30:23","date_gmt":"2026-03-23T16:30:23","guid":{"rendered":"https:\/\/alevabijoux.it\/?post_type=product&#038;p=6850"},"modified":"2026-03-23T17:44:09","modified_gmt":"2026-03-23T16:44:09","slug":"kamee-anhanger-antike-bronze-kopie","status":"publish","type":"product","link":"https:\/\/alevabijoux.it\/de\/produkt\/kamee-anhanger-antike-bronze-kopie\/","title":{"rendered":"Cameo Anh\u00e4nger Antique Bronze"},"content":{"rendered":"<p>Cameo-Anh\u00e4nger aus vergoldetem 18-kar\u00e4tigem Metallguss mit antikem Bronzeeffekt<\/p>\n<ul>\n<li>Der Cameo-Anh\u00e4nger wird mit einer 1 m langen schwarzen Alcantara-Kordel geliefert.<\/li>\n<\/ul>","protected":false},"excerpt":{"rendered":"<p>Cameo-Anh\u00e4nger aus vergoldetem 18-kar\u00e4tigem Metallguss mit antikem Bronzeeffekt<\/p>\n<ul>\n<li>Der Cameo-Anh\u00e4nger wird mit einer 1 m langen schwarzen Alcantara-Kordel geliefert.<\/li>\n<\/ul>","protected":false},"featured_media":6851,"template":"","meta":{"_acf_changed":false,"_themeisle_gutenberg_block_has_review":false},"product_brand":[],"product_cat":[70],"product_tag":[157,149],"class_list":{"0":"post-6850","1":"product","2":"type-product","3":"status-publish","4":"has-post-thumbnail","6":"product_cat-ciondoli","7":"product_tag-badge-new","8":"product_tag-oro","10":"first","11":"instock","12":"taxable","13":"shipping-taxable","14":"purchasable","15":"product-type-simple"},"acf":[],"_links":{"self":[{"href":"https:\/\/alevabijoux.it\/de\/wp-json\/wp\/v2\/product\/6850","targetHints":{"allow":["GET"]}}],"collection":[{"href":"https:\/\/alevabijoux.it\/de\/wp-json\/wp\/v2\/product"}],"about":[{"href":"https:\/\/alevabijoux.it\/de\/wp-json\/wp\/v2\/types\/product"}],"wp:featuredmedia":[{"embeddable":true,"href":"https:\/\/alevabijoux.it\/de\/wp-json\/wp\/v2\/media\/6851"}],"wp:attachment":[{"href":"https:\/\/alevabijoux.it\/de\/wp-json\/wp\/v2\/media?parent=6850"}],"wp:term":[{"taxonomy":"product_brand","embeddable":true,"href":"https:\/\/alevabijoux.it\/de\/wp-json\/wp\/v2\/product_brand?post=6850"},{"taxonomy":"product_cat","embeddable":true,"href":"https:\/\/alevabijoux.it\/de\/wp-json\/wp\/v2\/product_cat?post=6850"},{"taxonomy":"product_tag","embeddable":true,"href":"https:\/\/alevabijoux.it\/de\/wp-json\/wp\/v2\/product_tag?post=6850"}],"curies":[{"name":"wp","href":"https:\/\/api.w.org\/{rel}","templated":true}]}}